{"id":82,"date":"2025-05-10T12:15:35","date_gmt":"2025-05-10T10:15:35","guid":{"rendered":"https:\/\/www.graphotisco.com\/?page_id=82"},"modified":"2026-03-10T17:37:55","modified_gmt":"2026-03-10T16:37:55","slug":"accueil","status":"publish","type":"page","link":"https:\/\/www.graphotisco.com\/","title":{"rendered":"Accueil"},"content":{"rendered":"\t\t<div data-elementor-type=\"wp-page\" data-elementor-id=\"82\" class=\"elementor elementor-82\" data-elementor-post-type=\"page\">\n\t\t\t\t<div class=\"elementor-element elementor-element-699bbbc e-flex e-con-boxed e-con e-parent\" data-id=\"699bbbc\" data-element_type=\"container\" data-e-type=\"container\" data-settings=\"{&quot;background_background&quot;:&quot;slideshow&quot;,&quot;background_slideshow_gallery&quot;:[{&quot;id&quot;:858,&quot;url&quot;:&quot;http:\\\/\\\/www.graphotisco.com\\\/wp-content\\\/uploads\\\/2025\\\/05\\\/ULYSSES-4-scaled.jpg&quot;},{&quot;id&quot;:157,&quot;url&quot;:&quot;http:\\\/\\\/www.graphotisco.com\\\/wp-content\\\/uploads\\\/2025\\\/05\\\/mariage-1-scaled.jpg&quot;},{&quot;id&quot;:796,&quot;url&quot;:&quot;http:\\\/\\\/www.graphotisco.com\\\/wp-content\\\/uploads\\\/2025\\\/05\\\/Enola-4mois-7-scaled.jpg&quot;},{&quot;id&quot;:921,&quot;url&quot;:&quot;http:\\\/\\\/www.graphotisco.com\\\/wp-content\\\/uploads\\\/2025\\\/05\\\/Nina-Harry-Potter-2024-2-scaled.jpg&quot;},{&quot;id&quot;:1734,&quot;url&quot;:&quot;http:\\\/\\\/www.graphotisco.com\\\/wp-content\\\/uploads\\\/2025\\\/06\\\/Design-sans-titre-56.jpg&quot;},{&quot;id&quot;:158,&quot;url&quot;:&quot;http:\\\/\\\/www.graphotisco.com\\\/wp-content\\\/uploads\\\/2025\\\/05\\\/mere-fille-1-scaled.jpg&quot;},{&quot;id&quot;:1816,&quot;url&quot;:&quot;http:\\\/\\\/www.graphotisco.com\\\/wp-content\\\/uploads\\\/2025\\\/08\\\/podomed-270325-2-scaled.jpg&quot;},{&quot;id&quot;:1226,&quot;url&quot;:&quot;http:\\\/\\\/www.graphotisco.com\\\/wp-content\\\/uploads\\\/2025\\\/05\\\/4fils-Aymon-60_14-17.jpg&quot;},{&quot;id&quot;:1758,&quot;url&quot;:&quot;http:\\\/\\\/www.graphotisco.com\\\/wp-content\\\/uploads\\\/2025\\\/06\\\/Baner_300x125_2-.jpg&quot;},{&quot;id&quot;:1168,&quot;url&quot;:&quot;http:\\\/\\\/www.graphotisco.com\\\/wp-content\\\/uploads\\\/2025\\\/05\\\/Aide-moi-a-grandir-46-scaled.jpg&quot;},{&quot;id&quot;:1081,&quot;url&quot;:&quot;http:\\\/\\\/www.graphotisco.com\\\/wp-content\\\/uploads\\\/2025\\\/05\\\/Comptoire-de-Corinne_-53.jpg&quot;},{&quot;id&quot;:1845,&quot;url&quot;:&quot;http:\\\/\\\/www.graphotisco.com\\\/wp-content\\\/uploads\\\/2025\\\/08\\\/Jen-10.jpg&quot;},{&quot;id&quot;:987,&quot;url&quot;:&quot;http:\\\/\\\/www.graphotisco.com\\\/wp-content\\\/uploads\\\/2025\\\/05\\\/Reportage-Quevy-070624-18-scaled.jpg&quot;},{&quot;id&quot;:883,&quot;url&quot;:&quot;http:\\\/\\\/www.graphotisco.com\\\/wp-content\\\/uploads\\\/2025\\\/05\\\/Liam_naissance-6.jpg&quot;},{&quot;id&quot;:822,&quot;url&quot;:&quot;http:\\\/\\\/www.graphotisco.com\\\/wp-content\\\/uploads\\\/2025\\\/05\\\/Julie-ROOS-Famille-3-scaled.jpg&quot;},{&quot;id&quot;:808,&quot;url&quot;:&quot;http:\\\/\\\/www.graphotisco.com\\\/wp-content\\\/uploads\\\/2025\\\/05\\\/Mathis_presque2mois-19.jpg&quot;},{&quot;id&quot;:1194,&quot;url&quot;:&quot;http:\\\/\\\/www.graphotisco.com\\\/wp-content\\\/uploads\\\/2025\\\/05\\\/ELEGANTIQUE_COLLAB-48.jpg&quot;},{&quot;id&quot;:1797,&quot;url&quot;:&quot;http:\\\/\\\/www.graphotisco.com\\\/wp-content\\\/uploads\\\/2025\\\/08\\\/triple-poster-frame-mockup-2.jpg&quot;},{&quot;id&quot;:779,&quot;url&quot;:&quot;http:\\\/\\\/www.graphotisco.com\\\/wp-content\\\/uploads\\\/2025\\\/05\\\/bebe.jpg&quot;},{&quot;id&quot;:737,&quot;url&quot;:&quot;http:\\\/\\\/www.graphotisco.com\\\/wp-content\\\/uploads\\\/2025\\\/05\\\/Rachel-grossesse-3-scaled.jpg&quot;},{&quot;id&quot;:1044,&quot;url&quot;:&quot;http:\\\/\\\/www.graphotisco.com\\\/wp-content\\\/uploads\\\/2025\\\/05\\\/Clem-Clothes_17.02-25.jpg&quot;},{&quot;id&quot;:1791,&quot;url&quot;:&quot;http:\\\/\\\/www.graphotisco.com\\\/wp-content\\\/uploads\\\/2025\\\/08\\\/Jen-4-1.jpg&quot;},{&quot;id&quot;:604,&quot;url&quot;:&quot;http:\\\/\\\/www.graphotisco.com\\\/wp-content\\\/uploads\\\/2025\\\/05\\\/JulieJulien_29juillet2023_Commune-7-scaled.jpg&quot;},{&quot;id&quot;:857,&quot;url&quot;:&quot;http:\\\/\\\/www.graphotisco.com\\\/wp-content\\\/uploads\\\/2025\\\/05\\\/ULYSSES-2-scaled.jpg&quot;}],&quot;background_slideshow_loop&quot;:&quot;yes&quot;,&quot;background_slideshow_slide_duration&quot;:5000,&quot;background_slideshow_slide_transition&quot;:&quot;fade&quot;,&quot;background_slideshow_transition_duration&quot;:500}\">\n\t\t\t\t\t<div class=\"e-con-inner\">\n\t\t\t\t\t<\/div>\n\t\t\t\t<\/div>\n\t\t<div class=\"elementor-element elementor-element-60366dc e-flex e-con-boxed e-con e-parent\" data-id=\"60366dc\" data-element_type=\"container\" data-e-type=\"container\" data-settings=\"{&quot;background_background&quot;:&quot;classic&quot;}\">\n\t\t\t\t\t<div class=\"e-con-inner\">\n\t\t\t\t<div class=\"elementor-element elementor-element-b4069ce elementor-widget elementor-widget-image\" data-id=\"b4069ce\" data-element_type=\"widget\" data-e-type=\"widget\" data-widget_type=\"image.default\">\n\t\t\t\t<div class=\"elementor-widget-container\">\n\t\t\t\t\t\t\t\t\t\t\t\t\t\t\t<img fetchpriority=\"high\" decoding=\"async\" width=\"169\" height=\"300\" src=\"https:\/\/www.graphotisco.com\/wp-content\/uploads\/2026\/03\/Design-sans-titre-12-169x300.png\" class=\"attachment-medium size-medium wp-image-1934\" alt=\"\" srcset=\"https:\/\/www.graphotisco.com\/wp-content\/uploads\/2026\/03\/Design-sans-titre-12-169x300.png 169w, https:\/\/www.graphotisco.com\/wp-content\/uploads\/2026\/03\/Design-sans-titre-12-576x1024.png 576w, https:\/\/www.graphotisco.com\/wp-content\/uploads\/2026\/03\/Design-sans-titre-12-768x1365.png 768w, https:\/\/www.graphotisco.com\/wp-content\/uploads\/2026\/03\/Design-sans-titre-12-864x1536.png 864w, https:\/\/www.graphotisco.com\/wp-content\/uploads\/2026\/03\/Design-sans-titre-12-1152x2048.png 1152w, https:\/\/www.graphotisco.com\/wp-content\/uploads\/2026\/03\/Design-sans-titre-12-scaled.png 1440w\" sizes=\"(max-width: 169px) 100vw, 169px\" \/>\t\t\t\t\t\t\t\t\t\t\t\t\t\t\t<\/div>\n\t\t\t\t<\/div>\n\t\t\t\t<div class=\"elementor-element elementor-element-31c4a01 elementor-widget elementor-widget-heading\" data-id=\"31c4a01\" data-element_type=\"widget\" data-e-type=\"widget\" data-widget_type=\"heading.default\">\n\t\t\t\t<div class=\"elementor-widget-container\">\n\t\t\t\t\t<h2 class=\"elementor-heading-title elementor-size-default\"><a href=\"https:\/\/www.graphotisco.com\/index.php\/location-photobooth\/\">nouveau!      location photobooth<\/a><\/h2>\t\t\t\t<\/div>\n\t\t\t\t<\/div>\n\t\t\t\t\t<\/div>\n\t\t\t\t<\/div>\n\t\t<div class=\"elementor-element elementor-element-0876a69 e-flex e-con-boxed e-con e-parent\" data-id=\"0876a69\" data-element_type=\"container\" data-e-type=\"container\" id=\"apropos\" data-settings=\"{&quot;background_background&quot;:&quot;classic&quot;}\">\n\t\t\t\t\t<div class=\"e-con-inner\">\n\t\t<div class=\"elementor-element elementor-element-2c17671 e-con-full e-flex e-con e-child\" data-id=\"2c17671\" data-element_type=\"container\" data-e-type=\"container\">\n\t\t\t\t<div class=\"elementor-element elementor-element-3286c78 elementor-widget elementor-widget-image\" data-id=\"3286c78\" data-element_type=\"widget\" data-e-type=\"widget\" data-widget_type=\"image.default\">\n\t\t\t\t<div class=\"elementor-widget-container\">\n\t\t\t\t\t\t\t\t\t\t\t\t\t\t\t<img decoding=\"async\" width=\"1365\" height=\"2048\" src=\"https:\/\/www.graphotisco.com\/wp-content\/uploads\/2025\/05\/isa_graphotisco-1365x2048.jpg\" class=\"attachment-2048x2048 size-2048x2048 wp-image-152\" alt=\"\" srcset=\"https:\/\/www.graphotisco.com\/wp-content\/uploads\/2025\/05\/isa_graphotisco-1365x2048.jpg 1365w, https:\/\/www.graphotisco.com\/wp-content\/uploads\/2025\/05\/isa_graphotisco-200x300.jpg 200w, https:\/\/www.graphotisco.com\/wp-content\/uploads\/2025\/05\/isa_graphotisco-683x1024.jpg 683w, https:\/\/www.graphotisco.com\/wp-content\/uploads\/2025\/05\/isa_graphotisco-768x1152.jpg 768w, https:\/\/www.graphotisco.com\/wp-content\/uploads\/2025\/05\/isa_graphotisco-1024x1536.jpg 1024w, https:\/\/www.graphotisco.com\/wp-content\/uploads\/2025\/05\/isa_graphotisco-scaled.jpg 1707w\" sizes=\"(max-width: 1365px) 100vw, 1365px\" \/>\t\t\t\t\t\t\t\t\t\t\t\t\t\t\t<\/div>\n\t\t\t\t<\/div>\n\t\t\t\t<\/div>\n\t\t<div class=\"elementor-element elementor-element-b3cbe32 e-con-full e-flex e-con e-child\" data-id=\"b3cbe32\" data-element_type=\"container\" data-e-type=\"container\">\n\t\t\t\t<div class=\"elementor-element elementor-element-7b41dda elementor-widget elementor-widget-heading\" data-id=\"7b41dda\" data-element_type=\"widget\" data-e-type=\"widget\" data-widget_type=\"heading.default\">\n\t\t\t\t<div class=\"elementor-widget-container\">\n\t\t\t\t\t<h2 class=\"elementor-heading-title elementor-size-default\">A propos<\/h2>\t\t\t\t<\/div>\n\t\t\t\t<\/div>\n\t\t\t\t<div class=\"elementor-element elementor-element-1f271ae elementor-widget elementor-widget-text-editor\" data-id=\"1f271ae\" data-element_type=\"widget\" data-e-type=\"widget\" data-widget_type=\"text-editor.default\">\n\t\t\t\t<div class=\"elementor-widget-container\">\n\t\t\t\t\t\t\t\t\t<p data-start=\"206\" data-end=\"397\">\u00c0 5 ans, je bousillais les pellicules de mon p\u00e8re avec son vieil appareil photo argentique. Depuis, j\u2019ai appris \u00e0 viser juste \u2014 et surtout \u00e0 raconter des histoires en images.<\/p><p data-start=\"399\" data-end=\"676\">Photographe et graphiste, j\u2019accompagne les particuliers et les professionnels avec une seule id\u00e9e en t\u00eate : <strong data-start=\"507\" data-end=\"567\">vous mettre en valeur, vous, votre projet, votre univers<\/strong>.<br data-start=\"568\" data-end=\"571\" \/>Parce qu\u2019au fond, ce n\u2019est pas <em data-start=\"602\" data-end=\"606\">ma<\/em> photo, c\u2019est la <em data-start=\"623\" data-end=\"630\">v\u00f4tre<\/em>. Moi, je suis juste l\u00e0 pour la faire exister.<\/p><p data-start=\"678\" data-end=\"935\">Je cr\u00e9e des logos, des chartes graphiques, des supports de com\u2019\u2026 Je fais des reportages photo pour les pros (chantiers, portraits, immobilier\u2026) et je capture les petits et grands moments de vie pour les particuliers (mariage, naissance, s\u00e9ances \u00e0 th\u00e8me&#8230;).<\/p><p data-start=\"937\" data-end=\"1077\">Je suis du genre \u00e0 m\u2019adapter, \u00e0 \u00e9couter, \u00e0 trouver des solutions. Et surtout \u00e0 ne pas vous faire attendre trois mois pour un fichier JPEG.<\/p><p data-start=\"1079\" data-end=\"1272\">Graphisme ou photo, ce que je pr\u00e9f\u00e8re dans mon m\u00e9tier, ce sont <strong data-start=\"1142\" data-end=\"1160\">les rencontres<\/strong>, les \u00e9changes, et ces petits moments o\u00f9 je vois dans vos yeux que c\u2019est <em data-start=\"1233\" data-end=\"1248\">exactement \u00e7a<\/em> que vous aviez en t\u00eate.<\/p>\t\t\t\t\t\t\t\t<\/div>\n\t\t\t\t<\/div>\n\t\t\t\t<\/div>\n\t\t\t\t\t<\/div>\n\t\t\t\t<\/div>\n\t\t<div class=\"elementor-element elementor-element-5c0d31d e-grid e-con-boxed e-con e-parent\" data-id=\"5c0d31d\" data-element_type=\"container\" data-e-type=\"container\" id=\"services\">\n\t\t\t\t\t<div class=\"e-con-inner\">\n\t\t\t\t<div class=\"elementor-element elementor-element-a820d26 elementor-widget__width-inherit e-transform elementor-widget elementor-widget-heading\" data-id=\"a820d26\" data-element_type=\"widget\" data-e-type=\"widget\" data-settings=\"{&quot;_transform_translateY_effect&quot;:{&quot;unit&quot;:&quot;px&quot;,&quot;size&quot;:13,&quot;sizes&quot;:[]},&quot;_transform_translateY_effect_tablet&quot;:{&quot;unit&quot;:&quot;px&quot;,&quot;size&quot;:0,&quot;sizes&quot;:[]},&quot;_transform_translateX_effect&quot;:{&quot;unit&quot;:&quot;px&quot;,&quot;size&quot;:&quot;&quot;,&quot;sizes&quot;:[]},&quot;_transform_translateX_effect_tablet&quot;:{&quot;unit&quot;:&quot;px&quot;,&quot;size&quot;:&quot;&quot;,&quot;sizes&quot;:[]},&quot;_transform_translateX_effect_mobile&quot;:{&quot;unit&quot;:&quot;px&quot;,&quot;size&quot;:&quot;&quot;,&quot;sizes&quot;:[]},&quot;_transform_translateY_effect_mobile&quot;:{&quot;unit&quot;:&quot;px&quot;,&quot;size&quot;:&quot;&quot;,&quot;sizes&quot;:[]}}\" data-widget_type=\"heading.default\">\n\t\t\t\t<div class=\"elementor-widget-container\">\n\t\t\t\t\t<h2 class=\"elementor-heading-title elementor-size-default\">Services<\/h2>\t\t\t\t<\/div>\n\t\t\t\t<\/div>\n\t\t<div class=\"elementor-element elementor-element-a5c06fd e-grid e-con-boxed e-con e-child\" data-id=\"a5c06fd\" data-element_type=\"container\" data-e-type=\"container\">\n\t\t\t\t\t<div class=\"e-con-inner\">\n\t\t\t\t<div class=\"elementor-element elementor-element-7beda1b elementor-position-left elementor-vertical-align-middle elementor-vertical-align-top elementor-widget elementor-widget-image-box\" data-id=\"7beda1b\" data-element_type=\"widget\" data-e-type=\"widget\" data-widget_type=\"image-box.default\">\n\t\t\t\t<div class=\"elementor-widget-container\">\n\t\t\t\t\t<div class=\"elementor-image-box-wrapper\"><figure class=\"elementor-image-box-img\"><a href=\"https:\/\/www.graphotisco.com\/index.php\/photographie\/\" tabindex=\"-1\"><img decoding=\"async\" src=\"http:\/\/www.graphotisco.com\/wp-content\/uploads\/2025\/05\/service-photographie.png\" title=\"\" alt=\"\" loading=\"lazy\" \/><\/a><\/figure><div class=\"elementor-image-box-content\"><h3 class=\"elementor-image-box-title\"><a href=\"https:\/\/www.graphotisco.com\/index.php\/photographie\/\">Photographie<\/a><\/h3><p class=\"elementor-image-box-description\">Mariage, grossesse, naissance, famille, portraits pros, chantiers ou immobilier : je capture ce qui compte pour vous, qu\u2019on parle d\u2019\u00e9motion ou de communication.\nChaque photo est pens\u00e9e pour refl\u00e9ter votre histoire, votre \u00e9nergie\u2026 et sublimer votre image sur vos r\u00e9seaux ou votre site web.<\/p><\/div><\/div>\t\t\t\t<\/div>\n\t\t\t\t<\/div>\n\t\t\t\t<div class=\"elementor-element elementor-element-240c2e5 elementor-position-right elementor-vertical-align-middle elementor-vertical-align-top elementor-widget elementor-widget-image-box\" data-id=\"240c2e5\" data-element_type=\"widget\" data-e-type=\"widget\" data-widget_type=\"image-box.default\">\n\t\t\t\t<div class=\"elementor-widget-container\">\n\t\t\t\t\t<div class=\"elementor-image-box-wrapper\"><figure class=\"elementor-image-box-img\"><a href=\"https:\/\/www.graphotisco.com\/index.php\/graphisme\/\" tabindex=\"-1\"><img decoding=\"async\" width=\"1754\" height=\"1240\" src=\"https:\/\/www.graphotisco.com\/wp-content\/uploads\/2025\/05\/service-graphisme.png\" class=\"attachment-full size-full wp-image-211\" alt=\"\" srcset=\"https:\/\/www.graphotisco.com\/wp-content\/uploads\/2025\/05\/service-graphisme.png 1754w, https:\/\/www.graphotisco.com\/wp-content\/uploads\/2025\/05\/service-graphisme-300x212.png 300w, https:\/\/www.graphotisco.com\/wp-content\/uploads\/2025\/05\/service-graphisme-1024x724.png 1024w, https:\/\/www.graphotisco.com\/wp-content\/uploads\/2025\/05\/service-graphisme-768x543.png 768w, https:\/\/www.graphotisco.com\/wp-content\/uploads\/2025\/05\/service-graphisme-1536x1086.png 1536w\" sizes=\"(max-width: 1754px) 100vw, 1754px\" \/><\/a><\/figure><div class=\"elementor-image-box-content\"><h3 class=\"elementor-image-box-title\"><a href=\"https:\/\/www.graphotisco.com\/index.php\/graphisme\/\">Graphisme<\/a><\/h3><p class=\"elementor-image-box-description\">Besoin d\u2019un logo, d\u2019une carte de visite ou d\u2019un flyer qui vous ressemble vraiment ? Je cr\u00e9e vos supports de com\u2019 sur mesure, pour pros comme pour particuliers.\nFaire-part, affiches, v\u00eatements ou goodies\u2026 chaque d\u00e9tail compte pour raconter votre univers avec style.<\/p><\/div><\/div>\t\t\t\t<\/div>\n\t\t\t\t<\/div>\n\t\t\t\t<div class=\"elementor-element elementor-element-86713fc elementor-position-left elementor-vertical-align-middle elementor-vertical-align-top elementor-widget elementor-widget-image-box\" data-id=\"86713fc\" data-element_type=\"widget\" data-e-type=\"widget\" data-widget_type=\"image-box.default\">\n\t\t\t\t<div class=\"elementor-widget-container\">\n\t\t\t\t\t<div class=\"elementor-image-box-wrapper\"><figure class=\"elementor-image-box-img\"><img loading=\"lazy\" decoding=\"async\" width=\"1754\" height=\"1240\" src=\"https:\/\/www.graphotisco.com\/wp-content\/uploads\/2025\/05\/service-reseauxsociaux.png\" class=\"attachment-full size-full wp-image-214\" alt=\"\" srcset=\"https:\/\/www.graphotisco.com\/wp-content\/uploads\/2025\/05\/service-reseauxsociaux.png 1754w, https:\/\/www.graphotisco.com\/wp-content\/uploads\/2025\/05\/service-reseauxsociaux-300x212.png 300w, https:\/\/www.graphotisco.com\/wp-content\/uploads\/2025\/05\/service-reseauxsociaux-1024x724.png 1024w, https:\/\/www.graphotisco.com\/wp-content\/uploads\/2025\/05\/service-reseauxsociaux-768x543.png 768w, https:\/\/www.graphotisco.com\/wp-content\/uploads\/2025\/05\/service-reseauxsociaux-1536x1086.png 1536w\" sizes=\"(max-width: 1754px) 100vw, 1754px\" \/><\/figure><div class=\"elementor-image-box-content\"><h3 class=\"elementor-image-box-title\">r\u00e9seaux sociaux<\/h3><p class=\"elementor-image-box-description\">Pas le temps ou pas l\u2019envie de g\u00e9rer vos r\u00e9seaux ?\nJe m\u2019en occupe pour vous : cr\u00e9ation de contenu, planning, visuels coh\u00e9rents et adapt\u00e9s \u00e0 votre marque.\nL\u2019objectif : gagner en visibilit\u00e9\u2026 sans perdre votre authenticit\u00e9.\n\n<\/p><\/div><\/div>\t\t\t\t<\/div>\n\t\t\t\t<\/div>\n\t\t\t\t<div class=\"elementor-element elementor-element-dc781f1 elementor-position-right elementor-vertical-align-middle elementor-vertical-align-top elementor-widget elementor-widget-image-box\" data-id=\"dc781f1\" data-element_type=\"widget\" data-e-type=\"widget\" data-widget_type=\"image-box.default\">\n\t\t\t\t<div class=\"elementor-widget-container\">\n\t\t\t\t\t<div class=\"elementor-image-box-wrapper\"><figure class=\"elementor-image-box-img\"><img loading=\"lazy\" decoding=\"async\" width=\"1754\" height=\"1240\" src=\"https:\/\/www.graphotisco.com\/wp-content\/uploads\/2025\/05\/service-illustration-1.png\" class=\"attachment-full size-full wp-image-212\" alt=\"\" srcset=\"https:\/\/www.graphotisco.com\/wp-content\/uploads\/2025\/05\/service-illustration-1.png 1754w, https:\/\/www.graphotisco.com\/wp-content\/uploads\/2025\/05\/service-illustration-1-300x212.png 300w, https:\/\/www.graphotisco.com\/wp-content\/uploads\/2025\/05\/service-illustration-1-1024x724.png 1024w, https:\/\/www.graphotisco.com\/wp-content\/uploads\/2025\/05\/service-illustration-1-768x543.png 768w, https:\/\/www.graphotisco.com\/wp-content\/uploads\/2025\/05\/service-illustration-1-1536x1086.png 1536w\" sizes=\"(max-width: 1754px) 100vw, 1754px\" \/><\/figure><div class=\"elementor-image-box-content\"><h3 class=\"elementor-image-box-title\">illustration<\/h3><p class=\"elementor-image-box-description\">Envie d\u2019une touche originale et d\u00e9cal\u00e9e ? Je r\u00e9alise des illustrations vectorielles uniques pour donner du pep\u2019s \u00e0 votre identit\u00e9 visuelle ou \u00e0 vos faire-part.\nUne fa\u00e7on cr\u00e9ative de sortir du lot tout en restant coh\u00e9rent avec votre image !<\/p><\/div><\/div>\t\t\t\t<\/div>\n\t\t\t\t<\/div>\n\t\t\t\t\t<\/div>\n\t\t\t\t<\/div>\n\t\t\t\t\t<\/div>\n\t\t\t\t<\/div>\n\t\t\t\t<\/div>\n\t\t","protected":false},"excerpt":{"rendered":"<p>nouveau! location photobooth A propos \u00c0 5 ans, je bousillais les pellicules de mon p\u00e8re avec son vieil appareil photo argentique. Depuis, j\u2019ai appris \u00e0 viser juste \u2014 et surtout \u00e0 raconter des histoires en images. Photographe et graphiste, j\u2019accompagne les particuliers et les professionnels avec une seule id\u00e9e en t\u00eate : vous mettre en [&hellip;]<\/p>\n","protected":false},"author":1,"featured_media":0,"parent":0,"menu_order":0,"comment_status":"closed","ping_status":"closed","template":"","meta":{"footnotes":""},"class_list":["post-82","page","type-page","status-publish","hentry"],"_links":{"self":[{"href":"https:\/\/www.graphotisco.com\/index.php\/wp-json\/wp\/v2\/pages\/82","targetHints":{"allow":["GET"]}}],"collection":[{"href":"https:\/\/www.graphotisco.com\/index.php\/wp-json\/wp\/v2\/pages"}],"about":[{"href":"https:\/\/www.graphotisco.com\/index.php\/wp-json\/wp\/v2\/types\/page"}],"author":[{"embeddable":true,"href":"https:\/\/www.graphotisco.com\/index.php\/wp-json\/wp\/v2\/users\/1"}],"replies":[{"embeddable":true,"href":"https:\/\/www.graphotisco.com\/index.php\/wp-json\/wp\/v2\/comments?post=82"}],"version-history":[{"count":211,"href":"https:\/\/www.graphotisco.com\/index.php\/wp-json\/wp\/v2\/pages\/82\/revisions"}],"predecessor-version":[{"id":1961,"href":"https:\/\/www.graphotisco.com\/index.php\/wp-json\/wp\/v2\/pages\/82\/revisions\/1961"}],"wp:attachment":[{"href":"https:\/\/www.graphotisco.com\/index.php\/wp-json\/wp\/v2\/media?parent=82"}],"curies":[{"name":"wp","href":"https:\/\/api.w.org\/{rel}","templated":true}]}}