{"id":67,"date":"2025-05-09T18:30:16","date_gmt":"2025-05-09T16:30:16","guid":{"rendered":"https:\/\/www.graphotisco.com\/?page_id=67"},"modified":"2025-05-14T11:15:17","modified_gmt":"2025-05-14T09:15:17","slug":"portfolio","status":"publish","type":"page","link":"https:\/\/www.graphotisco.com\/index.php\/portfolio\/","title":{"rendered":"Particuliers"},"content":{"rendered":"\t\t<div data-elementor-type=\"wp-page\" data-elementor-id=\"67\" class=\"elementor elementor-67\" data-elementor-post-type=\"page\">\n\t\t\t\t<div class=\"elementor-element elementor-element-5782f3e e-flex e-con-boxed e-con e-parent\" data-id=\"5782f3e\" data-element_type=\"container\" data-e-type=\"container\">\n\t\t\t\t\t<div class=\"e-con-inner\">\n\t\t\t\t<div class=\"elementor-element elementor-element-1f004da elementor-widget elementor-widget-heading\" data-id=\"1f004da\" data-element_type=\"widget\" data-e-type=\"widget\" data-widget_type=\"heading.default\">\n\t\t\t\t<div class=\"elementor-widget-container\">\n\t\t\t\t\t<h2 class=\"elementor-heading-title elementor-size-default\">Raconter votre histoire en photos...<\/h2>\t\t\t\t<\/div>\n\t\t\t\t<\/div>\n\t\t\t\t\t<\/div>\n\t\t\t\t<\/div>\n\t\t<div class=\"elementor-element elementor-element-d3b8e52 e-grid e-con-boxed e-con e-parent\" data-id=\"d3b8e52\" data-element_type=\"container\" data-e-type=\"container\">\n\t\t\t\t\t<div class=\"e-con-inner\">\n\t\t\t\t<div class=\"elementor-element elementor-element-d620e27 elementor-position-top elementor-widget elementor-widget-image-box\" data-id=\"d620e27\" data-element_type=\"widget\" data-e-type=\"widget\" data-widget_type=\"image-box.default\">\n\t\t\t\t<div class=\"elementor-widget-container\">\n\t\t\t\t\t<div class=\"elementor-image-box-wrapper\"><figure class=\"elementor-image-box-img\"><a href=\"https:\/\/www.graphotisco.com\/index.php\/mariage\/\" tabindex=\"-1\"><img decoding=\"async\" src=\"https:\/\/www.graphotisco.com\/wp-content\/uploads\/2025\/05\/mariage-2.jpg\" class=\"attachment-full size-full wp-image-325\" alt=\"\" \/><\/a><\/figure><div class=\"elementor-image-box-content\"><h3 class=\"elementor-image-box-title\"><a href=\"https:\/\/www.graphotisco.com\/index.php\/mariage\/\">Mariage<\/a><\/h3><\/div><\/div>\t\t\t\t<\/div>\n\t\t\t\t<\/div>\n\t\t\t\t<div class=\"elementor-element elementor-element-fb49520 elementor-position-top elementor-widget elementor-widget-image-box\" data-id=\"fb49520\" data-element_type=\"widget\" data-e-type=\"widget\" data-widget_type=\"image-box.default\">\n\t\t\t\t<div class=\"elementor-widget-container\">\n\t\t\t\t\t<div class=\"elementor-image-box-wrapper\"><figure class=\"elementor-image-box-img\"><a href=\"https:\/\/www.graphotisco.com\/index.php\/grossesse\/\" tabindex=\"-1\"><img fetchpriority=\"high\" decoding=\"async\" width=\"1707\" height=\"2560\" src=\"https:\/\/www.graphotisco.com\/wp-content\/uploads\/2025\/05\/grossesse-exterieur-scaled.jpg\" class=\"attachment-full size-full wp-image-387\" alt=\"\" srcset=\"https:\/\/www.graphotisco.com\/wp-content\/uploads\/2025\/05\/grossesse-exterieur-scaled.jpg 1707w, https:\/\/www.graphotisco.com\/wp-content\/uploads\/2025\/05\/grossesse-exterieur-200x300.jpg 200w, https:\/\/www.graphotisco.com\/wp-content\/uploads\/2025\/05\/grossesse-exterieur-683x1024.jpg 683w, https:\/\/www.graphotisco.com\/wp-content\/uploads\/2025\/05\/grossesse-exterieur-768x1152.jpg 768w, https:\/\/www.graphotisco.com\/wp-content\/uploads\/2025\/05\/grossesse-exterieur-1024x1536.jpg 1024w, https:\/\/www.graphotisco.com\/wp-content\/uploads\/2025\/05\/grossesse-exterieur-1365x2048.jpg 1365w\" sizes=\"(max-width: 1707px) 100vw, 1707px\" \/><\/a><\/figure><div class=\"elementor-image-box-content\"><h3 class=\"elementor-image-box-title\"><a href=\"https:\/\/www.graphotisco.com\/index.php\/grossesse\/\">Grossesse<\/a><\/h3><\/div><\/div>\t\t\t\t<\/div>\n\t\t\t\t<\/div>\n\t\t\t\t<div class=\"elementor-element elementor-element-8bea8ba elementor-position-top elementor-widget elementor-widget-image-box\" data-id=\"8bea8ba\" data-element_type=\"widget\" data-e-type=\"widget\" data-widget_type=\"image-box.default\">\n\t\t\t\t<div class=\"elementor-widget-container\">\n\t\t\t\t\t<div class=\"elementor-image-box-wrapper\"><figure class=\"elementor-image-box-img\"><a href=\"https:\/\/www.graphotisco.com\/index.php\/naissance\/\" tabindex=\"-1\"><img decoding=\"async\" width=\"1707\" height=\"2560\" src=\"https:\/\/www.graphotisco.com\/wp-content\/uploads\/2025\/05\/bebe-naissance-atheme-2-scaled.jpg\" class=\"attachment-full size-full wp-image-383\" alt=\"\" srcset=\"https:\/\/www.graphotisco.com\/wp-content\/uploads\/2025\/05\/bebe-naissance-atheme-2-scaled.jpg 1707w, https:\/\/www.graphotisco.com\/wp-content\/uploads\/2025\/05\/bebe-naissance-atheme-2-200x300.jpg 200w, https:\/\/www.graphotisco.com\/wp-content\/uploads\/2025\/05\/bebe-naissance-atheme-2-683x1024.jpg 683w, https:\/\/www.graphotisco.com\/wp-content\/uploads\/2025\/05\/bebe-naissance-atheme-2-768x1152.jpg 768w, https:\/\/www.graphotisco.com\/wp-content\/uploads\/2025\/05\/bebe-naissance-atheme-2-1024x1536.jpg 1024w, https:\/\/www.graphotisco.com\/wp-content\/uploads\/2025\/05\/bebe-naissance-atheme-2-1365x2048.jpg 1365w\" sizes=\"(max-width: 1707px) 100vw, 1707px\" \/><\/a><\/figure><div class=\"elementor-image-box-content\"><h3 class=\"elementor-image-box-title\"><a href=\"https:\/\/www.graphotisco.com\/index.php\/naissance\/\">naissance<\/a><\/h3><\/div><\/div>\t\t\t\t<\/div>\n\t\t\t\t<\/div>\n\t\t\t\t<div class=\"elementor-element elementor-element-7bb758b elementor-position-top elementor-widget elementor-widget-image-box\" data-id=\"7bb758b\" data-element_type=\"widget\" data-e-type=\"widget\" data-widget_type=\"image-box.default\">\n\t\t\t\t<div class=\"elementor-widget-container\">\n\t\t\t\t\t<div class=\"elementor-image-box-wrapper\"><figure class=\"elementor-image-box-img\"><a href=\"https:\/\/www.graphotisco.com\/index.php\/bebe\/\" tabindex=\"-1\"><img decoding=\"async\" width=\"1707\" height=\"2560\" src=\"https:\/\/www.graphotisco.com\/wp-content\/uploads\/2025\/05\/bebe-4mois-premiereannee-1-scaled.jpg\" class=\"attachment-full size-full wp-image-339\" alt=\"\" srcset=\"https:\/\/www.graphotisco.com\/wp-content\/uploads\/2025\/05\/bebe-4mois-premiereannee-1-scaled.jpg 1707w, https:\/\/www.graphotisco.com\/wp-content\/uploads\/2025\/05\/bebe-4mois-premiereannee-1-200x300.jpg 200w, https:\/\/www.graphotisco.com\/wp-content\/uploads\/2025\/05\/bebe-4mois-premiereannee-1-683x1024.jpg 683w, https:\/\/www.graphotisco.com\/wp-content\/uploads\/2025\/05\/bebe-4mois-premiereannee-1-768x1152.jpg 768w, https:\/\/www.graphotisco.com\/wp-content\/uploads\/2025\/05\/bebe-4mois-premiereannee-1-1024x1536.jpg 1024w, https:\/\/www.graphotisco.com\/wp-content\/uploads\/2025\/05\/bebe-4mois-premiereannee-1-1365x2048.jpg 1365w\" sizes=\"(max-width: 1707px) 100vw, 1707px\" \/><\/a><\/figure><div class=\"elementor-image-box-content\"><h3 class=\"elementor-image-box-title\"><a href=\"https:\/\/www.graphotisco.com\/index.php\/bebe\/\">b\u00e9b\u00e9<\/a><\/h3><\/div><\/div>\t\t\t\t<\/div>\n\t\t\t\t<\/div>\n\t\t\t\t<div class=\"elementor-element elementor-element-bb46863 elementor-position-top elementor-widget elementor-widget-image-box\" data-id=\"bb46863\" data-element_type=\"widget\" data-e-type=\"widget\" data-widget_type=\"image-box.default\">\n\t\t\t\t<div class=\"elementor-widget-container\">\n\t\t\t\t\t<div class=\"elementor-image-box-wrapper\"><figure class=\"elementor-image-box-img\"><a href=\"https:\/\/www.graphotisco.com\/index.php\/famille\/\" tabindex=\"-1\"><img loading=\"lazy\" decoding=\"async\" width=\"1707\" height=\"2560\" src=\"https:\/\/www.graphotisco.com\/wp-content\/uploads\/2025\/05\/Ulysses-Ali4-nb-scaled.jpg\" class=\"attachment-full size-full wp-image-386\" alt=\"\" srcset=\"https:\/\/www.graphotisco.com\/wp-content\/uploads\/2025\/05\/Ulysses-Ali4-nb-scaled.jpg 1707w, https:\/\/www.graphotisco.com\/wp-content\/uploads\/2025\/05\/Ulysses-Ali4-nb-200x300.jpg 200w, https:\/\/www.graphotisco.com\/wp-content\/uploads\/2025\/05\/Ulysses-Ali4-nb-683x1024.jpg 683w, https:\/\/www.graphotisco.com\/wp-content\/uploads\/2025\/05\/Ulysses-Ali4-nb-768x1152.jpg 768w, https:\/\/www.graphotisco.com\/wp-content\/uploads\/2025\/05\/Ulysses-Ali4-nb-1024x1536.jpg 1024w, https:\/\/www.graphotisco.com\/wp-content\/uploads\/2025\/05\/Ulysses-Ali4-nb-1365x2048.jpg 1365w\" sizes=\"(max-width: 1707px) 100vw, 1707px\" \/><\/a><\/figure><div class=\"elementor-image-box-content\"><h3 class=\"elementor-image-box-title\"><a href=\"https:\/\/www.graphotisco.com\/index.php\/famille\/\">famille<\/a><\/h3><\/div><\/div>\t\t\t\t<\/div>\n\t\t\t\t<\/div>\n\t\t\t\t<div class=\"elementor-element elementor-element-fc15d03 elementor-position-top elementor-widget elementor-widget-image-box\" data-id=\"fc15d03\" data-element_type=\"widget\" data-e-type=\"widget\" data-widget_type=\"image-box.default\">\n\t\t\t\t<div class=\"elementor-widget-container\">\n\t\t\t\t\t<div class=\"elementor-image-box-wrapper\"><figure class=\"elementor-image-box-img\"><a href=\"https:\/\/www.graphotisco.com\/index.php\/a-theme\/\" tabindex=\"-1\"><img loading=\"lazy\" decoding=\"async\" width=\"1707\" height=\"2560\" src=\"https:\/\/www.graphotisco.com\/wp-content\/uploads\/2025\/05\/fetedesmeres-atheme-scaled.jpg\" class=\"attachment-full size-full wp-image-367\" alt=\"\" srcset=\"https:\/\/www.graphotisco.com\/wp-content\/uploads\/2025\/05\/fetedesmeres-atheme-scaled.jpg 1707w, https:\/\/www.graphotisco.com\/wp-content\/uploads\/2025\/05\/fetedesmeres-atheme-200x300.jpg 200w, https:\/\/www.graphotisco.com\/wp-content\/uploads\/2025\/05\/fetedesmeres-atheme-683x1024.jpg 683w, https:\/\/www.graphotisco.com\/wp-content\/uploads\/2025\/05\/fetedesmeres-atheme-768x1152.jpg 768w, https:\/\/www.graphotisco.com\/wp-content\/uploads\/2025\/05\/fetedesmeres-atheme-1024x1536.jpg 1024w, https:\/\/www.graphotisco.com\/wp-content\/uploads\/2025\/05\/fetedesmeres-atheme-1365x2048.jpg 1365w\" sizes=\"(max-width: 1707px) 100vw, 1707px\" \/><\/a><\/figure><div class=\"elementor-image-box-content\"><h3 class=\"elementor-image-box-title\"><a href=\"https:\/\/www.graphotisco.com\/index.php\/a-theme\/\">\u00e0 th\u00e8me<\/a><\/h3><\/div><\/div>\t\t\t\t<\/div>\n\t\t\t\t<\/div>\n\t\t\t\t\t<\/div>\n\t\t\t\t<\/div>\n\t\t\t\t<\/div>\n\t\t","protected":false},"excerpt":{"rendered":"<p>Raconter votre histoire en photos&#8230; Mariage Grossesse naissance b\u00e9b\u00e9 famille \u00e0 th\u00e8me<\/p>\n","protected":false},"author":1,"featured_media":0,"parent":0,"menu_order":0,"comment_status":"closed","ping_status":"closed","template":"","meta":{"footnotes":""},"class_list":["post-67","page","type-page","status-publish","hentry"],"_links":{"self":[{"href":"https:\/\/www.graphotisco.com\/index.php\/wp-json\/wp\/v2\/pages\/67","targetHints":{"allow":["GET"]}}],"collection":[{"href":"https:\/\/www.graphotisco.com\/index.php\/wp-json\/wp\/v2\/pages"}],"about":[{"href":"https:\/\/www.graphotisco.com\/index.php\/wp-json\/wp\/v2\/types\/page"}],"author":[{"embeddable":true,"href":"https:\/\/www.graphotisco.com\/index.php\/wp-json\/wp\/v2\/users\/1"}],"replies":[{"embeddable":true,"href":"https:\/\/www.graphotisco.com\/index.php\/wp-json\/wp\/v2\/comments?post=67"}],"version-history":[{"count":62,"href":"https:\/\/www.graphotisco.com\/index.php\/wp-json\/wp\/v2\/pages\/67\/revisions"}],"predecessor-version":[{"id":769,"href":"https:\/\/www.graphotisco.com\/index.php\/wp-json\/wp\/v2\/pages\/67\/revisions\/769"}],"wp:attachment":[{"href":"https:\/\/www.graphotisco.com\/index.php\/wp-json\/wp\/v2\/media?parent=67"}],"curies":[{"name":"wp","href":"https:\/\/api.w.org\/{rel}","templated":true}]}}