{"id":270,"date":"2025-05-12T14:59:15","date_gmt":"2025-05-12T12:59:15","guid":{"rendered":"https:\/\/www.graphotisco.com\/?page_id=270"},"modified":"2025-06-02T20:36:01","modified_gmt":"2025-06-02T18:36:01","slug":"graphisme","status":"publish","type":"page","link":"https:\/\/www.graphotisco.com\/index.php\/graphisme\/","title":{"rendered":"Graphisme"},"content":{"rendered":"\t\t<div data-elementor-type=\"wp-page\" data-elementor-id=\"270\" class=\"elementor elementor-270\" data-elementor-post-type=\"page\">\n\t\t\t\t<div class=\"elementor-element elementor-element-6a89e9eb e-grid e-con-boxed e-con e-parent\" data-id=\"6a89e9eb\" data-element_type=\"container\" data-e-type=\"container\">\n\t\t\t\t\t<div class=\"e-con-inner\">\n\t\t\t\t<div class=\"elementor-element elementor-element-6a6c06e5 elementor-position-top elementor-widget elementor-widget-image-box\" data-id=\"6a6c06e5\" data-element_type=\"widget\" data-e-type=\"widget\" data-widget_type=\"image-box.default\">\n\t\t\t\t<div class=\"elementor-widget-container\">\n\t\t\t\t\t<div class=\"elementor-image-box-wrapper\"><figure class=\"elementor-image-box-img\"><a href=\"https:\/\/www.graphotisco.com\/index.php\/logo\/\" tabindex=\"-1\"><img fetchpriority=\"high\" decoding=\"async\" width=\"1414\" height=\"2000\" src=\"https:\/\/www.graphotisco.com\/wp-content\/uploads\/2025\/06\/Design-sans-titre-1.png\" class=\"attachment-full size-full wp-image-1350\" alt=\"\" srcset=\"https:\/\/www.graphotisco.com\/wp-content\/uploads\/2025\/06\/Design-sans-titre-1.png 1414w, https:\/\/www.graphotisco.com\/wp-content\/uploads\/2025\/06\/Design-sans-titre-1-212x300.png 212w, https:\/\/www.graphotisco.com\/wp-content\/uploads\/2025\/06\/Design-sans-titre-1-724x1024.png 724w, https:\/\/www.graphotisco.com\/wp-content\/uploads\/2025\/06\/Design-sans-titre-1-768x1086.png 768w, https:\/\/www.graphotisco.com\/wp-content\/uploads\/2025\/06\/Design-sans-titre-1-1086x1536.png 1086w\" sizes=\"(max-width: 1414px) 100vw, 1414px\" \/><\/a><\/figure><div class=\"elementor-image-box-content\"><h3 class=\"elementor-image-box-title\"><a href=\"https:\/\/www.graphotisco.com\/index.php\/logo\/\">logo<\/a><\/h3><\/div><\/div>\t\t\t\t<\/div>\n\t\t\t\t<\/div>\n\t\t\t\t<div class=\"elementor-element elementor-element-43dc4722 elementor-position-top elementor-widget elementor-widget-image-box\" data-id=\"43dc4722\" data-element_type=\"widget\" data-e-type=\"widget\" data-widget_type=\"image-box.default\">\n\t\t\t\t<div class=\"elementor-widget-container\">\n\t\t\t\t\t<div class=\"elementor-image-box-wrapper\"><figure class=\"elementor-image-box-img\"><a href=\"https:\/\/www.graphotisco.com\/index.php\/cartes-de-visite\/\" tabindex=\"-1\"><img decoding=\"async\" width=\"1414\" height=\"2000\" src=\"https:\/\/www.graphotisco.com\/wp-content\/uploads\/2025\/06\/Design-sans-titre-9.jpg\" class=\"attachment-full size-full wp-image-1390\" alt=\"\" srcset=\"https:\/\/www.graphotisco.com\/wp-content\/uploads\/2025\/06\/Design-sans-titre-9.jpg 1414w, https:\/\/www.graphotisco.com\/wp-content\/uploads\/2025\/06\/Design-sans-titre-9-212x300.jpg 212w, https:\/\/www.graphotisco.com\/wp-content\/uploads\/2025\/06\/Design-sans-titre-9-724x1024.jpg 724w, https:\/\/www.graphotisco.com\/wp-content\/uploads\/2025\/06\/Design-sans-titre-9-768x1086.jpg 768w, https:\/\/www.graphotisco.com\/wp-content\/uploads\/2025\/06\/Design-sans-titre-9-1086x1536.jpg 1086w\" sizes=\"(max-width: 1414px) 100vw, 1414px\" \/><\/a><\/figure><div class=\"elementor-image-box-content\"><h3 class=\"elementor-image-box-title\"><a href=\"https:\/\/www.graphotisco.com\/index.php\/cartes-de-visite\/\">cartes de visite<\/a><\/h3><\/div><\/div>\t\t\t\t<\/div>\n\t\t\t\t<\/div>\n\t\t\t\t<div class=\"elementor-element elementor-element-63842c50 elementor-position-top elementor-widget elementor-widget-image-box\" data-id=\"63842c50\" data-element_type=\"widget\" data-e-type=\"widget\" data-widget_type=\"image-box.default\">\n\t\t\t\t<div class=\"elementor-widget-container\">\n\t\t\t\t\t<div class=\"elementor-image-box-wrapper\"><figure class=\"elementor-image-box-img\"><a href=\"https:\/\/www.graphotisco.com\/index.php\/flyers-depliants\/\" tabindex=\"-1\"><img decoding=\"async\" width=\"1414\" height=\"2000\" src=\"https:\/\/www.graphotisco.com\/wp-content\/uploads\/2025\/06\/Design-sans-titre-5-1.jpg\" class=\"attachment-full size-full wp-image-1369\" alt=\"\" srcset=\"https:\/\/www.graphotisco.com\/wp-content\/uploads\/2025\/06\/Design-sans-titre-5-1.jpg 1414w, https:\/\/www.graphotisco.com\/wp-content\/uploads\/2025\/06\/Design-sans-titre-5-1-212x300.jpg 212w, https:\/\/www.graphotisco.com\/wp-content\/uploads\/2025\/06\/Design-sans-titre-5-1-724x1024.jpg 724w, https:\/\/www.graphotisco.com\/wp-content\/uploads\/2025\/06\/Design-sans-titre-5-1-768x1086.jpg 768w, https:\/\/www.graphotisco.com\/wp-content\/uploads\/2025\/06\/Design-sans-titre-5-1-1086x1536.jpg 1086w\" sizes=\"(max-width: 1414px) 100vw, 1414px\" \/><\/a><\/figure><div class=\"elementor-image-box-content\"><h3 class=\"elementor-image-box-title\"><a href=\"https:\/\/www.graphotisco.com\/index.php\/flyers-depliants\/\">flyers\/d\u00e9pliants<\/a><\/h3><\/div><\/div>\t\t\t\t<\/div>\n\t\t\t\t<\/div>\n\t\t\t\t<div class=\"elementor-element elementor-element-229c913f elementor-position-top elementor-widget elementor-widget-image-box\" data-id=\"229c913f\" data-element_type=\"widget\" data-e-type=\"widget\" data-widget_type=\"image-box.default\">\n\t\t\t\t<div class=\"elementor-widget-container\">\n\t\t\t\t\t<div class=\"elementor-image-box-wrapper\"><figure class=\"elementor-image-box-img\"><a href=\"https:\/\/www.graphotisco.com\/index.php\/autres-elements\/\" tabindex=\"-1\"><img loading=\"lazy\" decoding=\"async\" width=\"1414\" height=\"2000\" src=\"https:\/\/www.graphotisco.com\/wp-content\/uploads\/2025\/06\/Design-sans-titre-10.jpg\" class=\"attachment-full size-full wp-image-1394\" alt=\"\" srcset=\"https:\/\/www.graphotisco.com\/wp-content\/uploads\/2025\/06\/Design-sans-titre-10.jpg 1414w, https:\/\/www.graphotisco.com\/wp-content\/uploads\/2025\/06\/Design-sans-titre-10-212x300.jpg 212w, https:\/\/www.graphotisco.com\/wp-content\/uploads\/2025\/06\/Design-sans-titre-10-724x1024.jpg 724w, https:\/\/www.graphotisco.com\/wp-content\/uploads\/2025\/06\/Design-sans-titre-10-768x1086.jpg 768w, https:\/\/www.graphotisco.com\/wp-content\/uploads\/2025\/06\/Design-sans-titre-10-1086x1536.jpg 1086w\" sizes=\"(max-width: 1414px) 100vw, 1414px\" \/><\/a><\/figure><div class=\"elementor-image-box-content\"><h3 class=\"elementor-image-box-title\"><a href=\"https:\/\/www.graphotisco.com\/index.php\/autres-elements\/\">autres \u00e9l\u00e9ments<\/a><\/h3><\/div><\/div>\t\t\t\t<\/div>\n\t\t\t\t<\/div>\n\t\t\t\t<div class=\"elementor-element elementor-element-c754ac3 elementor-position-top elementor-widget elementor-widget-image-box\" data-id=\"c754ac3\" data-element_type=\"widget\" data-e-type=\"widget\" data-widget_type=\"image-box.default\">\n\t\t\t\t<div class=\"elementor-widget-container\">\n\t\t\t\t\t<div class=\"elementor-image-box-wrapper\"><figure class=\"elementor-image-box-img\"><a href=\"https:\/\/www.graphotisco.com\/index.php\/branding-complet\/\" tabindex=\"-1\"><img loading=\"lazy\" decoding=\"async\" width=\"1414\" height=\"2000\" src=\"https:\/\/www.graphotisco.com\/wp-content\/uploads\/2025\/06\/Design-sans-titre-8.jpg\" class=\"attachment-full size-full wp-image-1388\" alt=\"\" srcset=\"https:\/\/www.graphotisco.com\/wp-content\/uploads\/2025\/06\/Design-sans-titre-8.jpg 1414w, https:\/\/www.graphotisco.com\/wp-content\/uploads\/2025\/06\/Design-sans-titre-8-212x300.jpg 212w, https:\/\/www.graphotisco.com\/wp-content\/uploads\/2025\/06\/Design-sans-titre-8-724x1024.jpg 724w, https:\/\/www.graphotisco.com\/wp-content\/uploads\/2025\/06\/Design-sans-titre-8-768x1086.jpg 768w, https:\/\/www.graphotisco.com\/wp-content\/uploads\/2025\/06\/Design-sans-titre-8-1086x1536.jpg 1086w\" sizes=\"(max-width: 1414px) 100vw, 1414px\" \/><\/a><\/figure><div class=\"elementor-image-box-content\"><h3 class=\"elementor-image-box-title\"><a href=\"https:\/\/www.graphotisco.com\/index.php\/branding-complet\/\">branding complet<\/a><\/h3><\/div><\/div>\t\t\t\t<\/div>\n\t\t\t\t<\/div>\n\t\t\t\t\t<\/div>\n\t\t\t\t<\/div>\n\t\t\t\t<\/div>\n\t\t","protected":false},"excerpt":{"rendered":"<p>logo cartes de visite flyers\/d\u00e9pliants autres \u00e9l\u00e9ments branding complet<\/p>\n","protected":false},"author":1,"featured_media":0,"parent":0,"menu_order":0,"comment_status":"closed","ping_status":"closed","template":"","meta":{"footnotes":""},"class_list":["post-270","page","type-page","status-publish","hentry"],"_links":{"self":[{"href":"https:\/\/www.graphotisco.com\/index.php\/wp-json\/wp\/v2\/pages\/270","targetHints":{"allow":["GET"]}}],"collection":[{"href":"https:\/\/www.graphotisco.com\/index.php\/wp-json\/wp\/v2\/pages"}],"about":[{"href":"https:\/\/www.graphotisco.com\/index.php\/wp-json\/wp\/v2\/types\/page"}],"author":[{"embeddable":true,"href":"https:\/\/www.graphotisco.com\/index.php\/wp-json\/wp\/v2\/users\/1"}],"replies":[{"embeddable":true,"href":"https:\/\/www.graphotisco.com\/index.php\/wp-json\/wp\/v2\/comments?post=270"}],"version-history":[{"count":31,"href":"https:\/\/www.graphotisco.com\/index.php\/wp-json\/wp\/v2\/pages\/270\/revisions"}],"predecessor-version":[{"id":1397,"href":"https:\/\/www.graphotisco.com\/index.php\/wp-json\/wp\/v2\/pages\/270\/revisions\/1397"}],"wp:attachment":[{"href":"https:\/\/www.graphotisco.com\/index.php\/wp-json\/wp\/v2\/media?parent=270"}],"curies":[{"name":"wp","href":"https:\/\/api.w.org\/{rel}","templated":true}]}}