{"id":1636,"date":"2025-06-03T18:24:14","date_gmt":"2025-06-03T16:24:14","guid":{"rendered":"https:\/\/www.graphotisco.com\/?page_id=1636"},"modified":"2025-06-03T18:30:29","modified_gmt":"2025-06-03T16:30:29","slug":"kine-pro","status":"publish","type":"page","link":"https:\/\/www.graphotisco.com\/index.php\/kine-pro\/","title":{"rendered":"kin\u00e9 pro"},"content":{"rendered":"\t\t<div data-elementor-type=\"wp-page\" data-elementor-id=\"1636\" class=\"elementor elementor-1636\" data-elementor-post-type=\"page\">\n\t\t\t\t<div class=\"elementor-element elementor-element-50cf3f03 e-flex e-con-boxed e-con e-parent\" data-id=\"50cf3f03\" data-element_type=\"container\" data-e-type=\"container\">\n\t\t\t\t\t<div class=\"e-con-inner\">\n\t\t<div class=\"elementor-element elementor-element-3b6a4c73 e-con-full e-flex e-con e-child\" data-id=\"3b6a4c73\" data-element_type=\"container\" data-e-type=\"container\">\n\t\t\t\t<div class=\"elementor-element elementor-element-233373e3 elementor-widget elementor-widget-image\" data-id=\"233373e3\" data-element_type=\"widget\" data-e-type=\"widget\" data-widget_type=\"image.default\">\n\t\t\t\t<div class=\"elementor-widget-container\">\n\t\t\t\t\t\t\t\t\t\t\t\t\t\t\t<img fetchpriority=\"high\" decoding=\"async\" width=\"800\" height=\"566\" src=\"https:\/\/www.graphotisco.com\/wp-content\/uploads\/2025\/06\/Design-sans-titre-21-1024x724.jpg\" class=\"attachment-large size-large wp-image-1470\" alt=\"\" srcset=\"https:\/\/www.graphotisco.com\/wp-content\/uploads\/2025\/06\/Design-sans-titre-21-1024x724.jpg 1024w, https:\/\/www.graphotisco.com\/wp-content\/uploads\/2025\/06\/Design-sans-titre-21-300x212.jpg 300w, https:\/\/www.graphotisco.com\/wp-content\/uploads\/2025\/06\/Design-sans-titre-21-768x543.jpg 768w, https:\/\/www.graphotisco.com\/wp-content\/uploads\/2025\/06\/Design-sans-titre-21-1536x1086.jpg 1536w, https:\/\/www.graphotisco.com\/wp-content\/uploads\/2025\/06\/Design-sans-titre-21.jpg 2000w\" sizes=\"(max-width: 800px) 100vw, 800px\" \/>\t\t\t\t\t\t\t\t\t\t\t\t\t\t\t<\/div>\n\t\t\t\t<\/div>\n\t\t\t\t<div class=\"elementor-element elementor-element-335b34be elementor-widget elementor-widget-gallery\" data-id=\"335b34be\" data-element_type=\"widget\" data-e-type=\"widget\" data-settings=\"{&quot;gallery_layout&quot;:&quot;justified&quot;,&quot;ideal_row_height&quot;:{&quot;unit&quot;:&quot;px&quot;,&quot;size&quot;:373,&quot;sizes&quot;:[]},&quot;ideal_row_height_tablet&quot;:{&quot;unit&quot;:&quot;px&quot;,&quot;size&quot;:150,&quot;sizes&quot;:[]},&quot;ideal_row_height_mobile&quot;:{&quot;unit&quot;:&quot;px&quot;,&quot;size&quot;:150,&quot;sizes&quot;:[]},&quot;gap&quot;:{&quot;unit&quot;:&quot;px&quot;,&quot;size&quot;:10,&quot;sizes&quot;:[]},&quot;gap_tablet&quot;:{&quot;unit&quot;:&quot;px&quot;,&quot;size&quot;:10,&quot;sizes&quot;:[]},&quot;gap_mobile&quot;:{&quot;unit&quot;:&quot;px&quot;,&quot;size&quot;:10,&quot;sizes&quot;:[]},&quot;overlay_background&quot;:&quot;yes&quot;,&quot;content_hover_animation&quot;:&quot;fade-in&quot;}\" data-widget_type=\"gallery.default\">\n\t\t\t\t<div class=\"elementor-widget-container\">\n\t\t\t\t\t\t\t<div class=\"elementor-gallery__container\">\n\t\t\t\t\t\t\t<div class=\"e-gallery-item elementor-gallery-item elementor-animated-content\">\n\t\t\t\t\t<div class=\"e-gallery-image elementor-gallery-item__image\" data-thumbnail=\"https:\/\/www.graphotisco.com\/wp-content\/uploads\/2025\/06\/Design-sans-titre-22-1024x724.jpg\" data-width=\"800\" data-height=\"566\" aria-label=\"\" role=\"img\" ><\/div>\n\t\t\t\t\t\t\t\t\t\t\t<div class=\"elementor-gallery-item__overlay\"><\/div>\n\t\t\t\t\t\t\t\t\t\t\t\t\t\t<\/div>\n\t\t\t\t\t\t\t<div class=\"e-gallery-item elementor-gallery-item elementor-animated-content\">\n\t\t\t\t\t<div class=\"e-gallery-image elementor-gallery-item__image\" data-thumbnail=\"https:\/\/www.graphotisco.com\/wp-content\/uploads\/2025\/06\/Design-sans-titre-23-1024x724.jpg\" data-width=\"800\" data-height=\"566\" aria-label=\"\" role=\"img\" ><\/div>\n\t\t\t\t\t\t\t\t\t\t\t<div class=\"elementor-gallery-item__overlay\"><\/div>\n\t\t\t\t\t\t\t\t\t\t\t\t\t\t<\/div>\n\t\t\t\t\t<\/div>\n\t\t\t\t\t<\/div>\n\t\t\t\t<\/div>\n\t\t\t\t<\/div>\n\t\t<div class=\"elementor-element elementor-element-214d2a1c e-con-full e-flex e-con e-child\" data-id=\"214d2a1c\" data-element_type=\"container\" data-e-type=\"container\">\n\t\t\t\t<div class=\"elementor-element elementor-element-2a009f2a elementor-widget elementor-widget-heading\" data-id=\"2a009f2a\" data-element_type=\"widget\" data-e-type=\"widget\" data-widget_type=\"heading.default\">\n\t\t\t\t<div class=\"elementor-widget-container\">\n\t\t\t\t\t<h2 class=\"elementor-heading-title elementor-size-default\">Kin\u00e9 Pro<\/h2>\t\t\t\t<\/div>\n\t\t\t\t<\/div>\n\t\t\t\t<div class=\"elementor-element elementor-element-918f7ec elementor-widget elementor-widget-text-editor\" data-id=\"918f7ec\" data-element_type=\"widget\" data-e-type=\"widget\" data-widget_type=\"text-editor.default\">\n\t\t\t\t<div class=\"elementor-widget-container\">\n\t\t\t\t\t\t\t\t\t<p><strong data-start=\"135\" data-end=\"168\">Cr\u00e9ation d\u2019un logo sur-mesure<\/strong><\/p><p data-start=\"116\" data-end=\"404\">\u00c0 partir d\u2019une page blanche, nous avons construit une identit\u00e9 visuelle forte. Le choix des couleurs, des typographies et du style a \u00e9t\u00e9 guid\u00e9 par les valeurs et la personnalit\u00e9 du client pour aboutir \u00e0 un logo \u00e0 son image, aussi lisible que m\u00e9morable.<\/p><p data-start=\"144\" data-end=\"447\">J\u2019ai r\u00e9alis\u00e9 pour ce cabinet, trois cartes de visite distinctes, adapt\u00e9es \u00e0 chaque praticien. Chacune reprend l\u2019univers visuel commun tout en mettant en avant l\u2019identit\u00e9 et les sp\u00e9cificit\u00e9s de chaque professionnel. Un \u00e9quilibre entre coh\u00e9rence et personnalisation.<\/p>\t\t\t\t\t\t\t\t<\/div>\n\t\t\t\t<\/div>\n\t\t\t\t<div class=\"elementor-element elementor-element-44c3f775 content-align-cta-default elementor-widget elementor-widget-eael-cta-box\" data-id=\"44c3f775\" data-element_type=\"widget\" data-e-type=\"widget\" data-widget_type=\"eael-cta-box.default\">\n\t\t\t\t<div class=\"elementor-widget-container\">\n\t\t\t\t\t\t\t<div class=\"eael-call-to-action cta-basic bg-lite cta-preset-1\">\n        <h2 class=\"title eael-cta-heading\">Un logo sur-mesure, \u00e7a vous tente ?<\/h2><p>Couleurs, typographies, style : chaque d\u00e9tail compte pour faire ressortir votre personnalit\u00e9. Et je suis l\u00e0 pour le traduire en image.<\/p><a href=\"https:\/\/www.graphotisco.com\/index.php\/contact\/\" class=\"cta-button cta-preset-1  \">Contacte-moi<\/a>\t<\/div>\n\t\t\t\t\t\t\t\t<\/div>\n\t\t\t\t<\/div>\n\t\t\t\t<\/div>\n\t\t\t\t\t<\/div>\n\t\t\t\t<\/div>\n\t\t\t\t<\/div>\n\t\t","protected":false},"excerpt":{"rendered":"<p>Kin\u00e9 Pro Cr\u00e9ation d\u2019un logo sur-mesure \u00c0 partir d\u2019une page blanche, nous avons construit une identit\u00e9 visuelle forte. Le choix des couleurs, des typographies et du style a \u00e9t\u00e9 guid\u00e9 par les valeurs et la personnalit\u00e9 du client pour aboutir \u00e0 un logo \u00e0 son image, aussi lisible que m\u00e9morable. J\u2019ai r\u00e9alis\u00e9 pour ce cabinet, [&hellip;]<\/p>\n","protected":false},"author":1,"featured_media":0,"parent":0,"menu_order":0,"comment_status":"closed","ping_status":"closed","template":"","meta":{"footnotes":""},"class_list":["post-1636","page","type-page","status-publish","hentry"],"_links":{"self":[{"href":"https:\/\/www.graphotisco.com\/index.php\/wp-json\/wp\/v2\/pages\/1636","targetHints":{"allow":["GET"]}}],"collection":[{"href":"https:\/\/www.graphotisco.com\/index.php\/wp-json\/wp\/v2\/pages"}],"about":[{"href":"https:\/\/www.graphotisco.com\/index.php\/wp-json\/wp\/v2\/types\/page"}],"author":[{"embeddable":true,"href":"https:\/\/www.graphotisco.com\/index.php\/wp-json\/wp\/v2\/users\/1"}],"replies":[{"embeddable":true,"href":"https:\/\/www.graphotisco.com\/index.php\/wp-json\/wp\/v2\/comments?post=1636"}],"version-history":[{"count":7,"href":"https:\/\/www.graphotisco.com\/index.php\/wp-json\/wp\/v2\/pages\/1636\/revisions"}],"predecessor-version":[{"id":1646,"href":"https:\/\/www.graphotisco.com\/index.php\/wp-json\/wp\/v2\/pages\/1636\/revisions\/1646"}],"wp:attachment":[{"href":"https:\/\/www.graphotisco.com\/index.php\/wp-json\/wp\/v2\/media?parent=1636"}],"curies":[{"name":"wp","href":"https:\/\/api.w.org\/{rel}","templated":true}]}}