{"id":1606,"date":"2025-06-03T18:10:10","date_gmt":"2025-06-03T16:10:10","guid":{"rendered":"https:\/\/www.graphotisco.com\/?page_id=1606"},"modified":"2025-06-03T18:31:00","modified_gmt":"2025-06-03T16:31:00","slug":"pharmacie-de-la-porte-dogy-2","status":"publish","type":"page","link":"https:\/\/www.graphotisco.com\/index.php\/pharmacie-de-la-porte-dogy-2\/","title":{"rendered":"pharmacie de la porte d&rsquo;Ogy"},"content":{"rendered":"\t\t<div data-elementor-type=\"wp-page\" data-elementor-id=\"1606\" class=\"elementor elementor-1606\" data-elementor-post-type=\"page\">\n\t\t\t\t<div class=\"elementor-element elementor-element-5c881b52 e-flex e-con-boxed e-con e-parent\" data-id=\"5c881b52\" data-element_type=\"container\" data-e-type=\"container\">\n\t\t\t\t\t<div class=\"e-con-inner\">\n\t\t<div class=\"elementor-element elementor-element-6b62d1a7 e-con-full e-flex e-con e-child\" data-id=\"6b62d1a7\" data-element_type=\"container\" data-e-type=\"container\">\n\t\t\t\t<div class=\"elementor-element elementor-element-5e33a09f elementor-widget elementor-widget-image\" data-id=\"5e33a09f\" data-element_type=\"widget\" data-e-type=\"widget\" data-widget_type=\"image.default\">\n\t\t\t\t<div class=\"elementor-widget-container\">\n\t\t\t\t\t\t\t\t\t\t\t\t\t\t\t<img fetchpriority=\"high\" decoding=\"async\" width=\"800\" height=\"566\" src=\"https:\/\/www.graphotisco.com\/wp-content\/uploads\/2025\/06\/Design-sans-titre-30-1024x724.jpg\" class=\"attachment-large size-large wp-image-1461\" alt=\"\" srcset=\"https:\/\/www.graphotisco.com\/wp-content\/uploads\/2025\/06\/Design-sans-titre-30-1024x724.jpg 1024w, https:\/\/www.graphotisco.com\/wp-content\/uploads\/2025\/06\/Design-sans-titre-30-300x212.jpg 300w, https:\/\/www.graphotisco.com\/wp-content\/uploads\/2025\/06\/Design-sans-titre-30-768x543.jpg 768w, https:\/\/www.graphotisco.com\/wp-content\/uploads\/2025\/06\/Design-sans-titre-30-1536x1086.jpg 1536w, https:\/\/www.graphotisco.com\/wp-content\/uploads\/2025\/06\/Design-sans-titre-30.jpg 2000w\" sizes=\"(max-width: 800px) 100vw, 800px\" \/>\t\t\t\t\t\t\t\t\t\t\t\t\t\t\t<\/div>\n\t\t\t\t<\/div>\n\t\t\t\t<div class=\"elementor-element elementor-element-6f6a954 elementor-widget elementor-widget-gallery\" data-id=\"6f6a954\" data-element_type=\"widget\" data-e-type=\"widget\" data-settings=\"{&quot;gallery_layout&quot;:&quot;justified&quot;,&quot;ideal_row_height&quot;:{&quot;unit&quot;:&quot;px&quot;,&quot;size&quot;:355,&quot;sizes&quot;:[]},&quot;ideal_row_height_tablet&quot;:{&quot;unit&quot;:&quot;px&quot;,&quot;size&quot;:150,&quot;sizes&quot;:[]},&quot;ideal_row_height_mobile&quot;:{&quot;unit&quot;:&quot;px&quot;,&quot;size&quot;:150,&quot;sizes&quot;:[]},&quot;gap&quot;:{&quot;unit&quot;:&quot;px&quot;,&quot;size&quot;:10,&quot;sizes&quot;:[]},&quot;gap_tablet&quot;:{&quot;unit&quot;:&quot;px&quot;,&quot;size&quot;:10,&quot;sizes&quot;:[]},&quot;gap_mobile&quot;:{&quot;unit&quot;:&quot;px&quot;,&quot;size&quot;:10,&quot;sizes&quot;:[]},&quot;overlay_background&quot;:&quot;yes&quot;,&quot;content_hover_animation&quot;:&quot;fade-in&quot;}\" data-widget_type=\"gallery.default\">\n\t\t\t\t<div class=\"elementor-widget-container\">\n\t\t\t\t\t\t\t<div class=\"elementor-gallery__container\">\n\t\t\t\t\t\t\t<div class=\"e-gallery-item elementor-gallery-item elementor-animated-content\">\n\t\t\t\t\t<div class=\"e-gallery-image elementor-gallery-item__image\" data-thumbnail=\"https:\/\/www.graphotisco.com\/wp-content\/uploads\/2025\/06\/Design-sans-titre-31-1024x724.jpg\" data-width=\"800\" data-height=\"566\" aria-label=\"\" role=\"img\" ><\/div>\n\t\t\t\t\t\t\t\t\t\t\t<div class=\"elementor-gallery-item__overlay\"><\/div>\n\t\t\t\t\t\t\t\t\t\t\t\t\t\t<\/div>\n\t\t\t\t\t\t\t<div class=\"e-gallery-item elementor-gallery-item elementor-animated-content\">\n\t\t\t\t\t<div class=\"e-gallery-image elementor-gallery-item__image\" data-thumbnail=\"https:\/\/www.graphotisco.com\/wp-content\/uploads\/2025\/06\/Design-sans-titre-32-1024x724.jpg\" data-width=\"800\" data-height=\"566\" aria-label=\"\" role=\"img\" ><\/div>\n\t\t\t\t\t\t\t\t\t\t\t<div class=\"elementor-gallery-item__overlay\"><\/div>\n\t\t\t\t\t\t\t\t\t\t\t\t\t\t<\/div>\n\t\t\t\t\t<\/div>\n\t\t\t\t\t<\/div>\n\t\t\t\t<\/div>\n\t\t\t\t<\/div>\n\t\t<div class=\"elementor-element elementor-element-1cfa47ed e-con-full e-flex e-con e-child\" data-id=\"1cfa47ed\" data-element_type=\"container\" data-e-type=\"container\">\n\t\t\t\t<div class=\"elementor-element elementor-element-4eee45c8 elementor-widget elementor-widget-heading\" data-id=\"4eee45c8\" data-element_type=\"widget\" data-e-type=\"widget\" data-widget_type=\"heading.default\">\n\t\t\t\t<div class=\"elementor-widget-container\">\n\t\t\t\t\t<h2 class=\"elementor-heading-title elementor-size-default\">Pharmacie de la Porte d'Ogy<\/h2>\t\t\t\t<\/div>\n\t\t\t\t<\/div>\n\t\t\t\t<div class=\"elementor-element elementor-element-17576f1b elementor-widget elementor-widget-text-editor\" data-id=\"17576f1b\" data-element_type=\"widget\" data-e-type=\"widget\" data-widget_type=\"text-editor.default\">\n\t\t\t\t<div class=\"elementor-widget-container\">\n\t\t\t\t\t\t\t\t\t<p><strong data-start=\"135\" data-end=\"168\">Cr\u00e9ation d\u2019un logo sur-mesure<\/strong><\/p><p>Pour ce projet, j\u2019ai travaill\u00e9 main dans la main avec le client afin de d\u00e9finir un univers visuel qui lui ressemble. Choix des couleurs, des typographies et du style : chaque \u00e9l\u00e9ment a \u00e9t\u00e9 pens\u00e9 pour cr\u00e9er une identit\u00e9 unique, coh\u00e9rente et impactante.<\/p><p>Des cartes de visite en parfaite harmonie avec le logo, pour renforcer l\u2019image de la pharmacie partout o\u00f9 elle se pr\u00e9sente.<\/p>\t\t\t\t\t\t\t\t<\/div>\n\t\t\t\t<\/div>\n\t\t\t\t<div class=\"elementor-element elementor-element-16dccc59 content-align-cta-default elementor-widget elementor-widget-eael-cta-box\" data-id=\"16dccc59\" data-element_type=\"widget\" data-e-type=\"widget\" data-widget_type=\"eael-cta-box.default\">\n\t\t\t\t<div class=\"elementor-widget-container\">\n\t\t\t\t\t\t\t<div class=\"eael-call-to-action cta-basic bg-lite cta-preset-1\">\n        <h2 class=\"title eael-cta-heading\">Un logo sur-mesure, \u00e7a vous tente ?<\/h2><p>Couleurs, typographies, style : chaque d\u00e9tail compte pour faire ressortir votre personnalit\u00e9. Et je suis l\u00e0 pour le traduire en image.<\/p><a href=\"https:\/\/www.graphotisco.com\/index.php\/contact\/\" class=\"cta-button cta-preset-1  \">Contacte-moi<\/a>\t<\/div>\n\t\t\t\t\t\t\t\t<\/div>\n\t\t\t\t<\/div>\n\t\t\t\t<\/div>\n\t\t\t\t\t<\/div>\n\t\t\t\t<\/div>\n\t\t\t\t<\/div>\n\t\t","protected":false},"excerpt":{"rendered":"<p>Pharmacie de la Porte d&rsquo;Ogy Cr\u00e9ation d\u2019un logo sur-mesure Pour ce projet, j\u2019ai travaill\u00e9 main dans la main avec le client afin de d\u00e9finir un univers visuel qui lui ressemble. Choix des couleurs, des typographies et du style : chaque \u00e9l\u00e9ment a \u00e9t\u00e9 pens\u00e9 pour cr\u00e9er une identit\u00e9 unique, coh\u00e9rente et impactante. Des cartes de [&hellip;]<\/p>\n","protected":false},"author":1,"featured_media":0,"parent":0,"menu_order":0,"comment_status":"closed","ping_status":"closed","template":"","meta":{"footnotes":""},"class_list":["post-1606","page","type-page","status-publish","hentry"],"_links":{"self":[{"href":"https:\/\/www.graphotisco.com\/index.php\/wp-json\/wp\/v2\/pages\/1606","targetHints":{"allow":["GET"]}}],"collection":[{"href":"https:\/\/www.graphotisco.com\/index.php\/wp-json\/wp\/v2\/pages"}],"about":[{"href":"https:\/\/www.graphotisco.com\/index.php\/wp-json\/wp\/v2\/types\/page"}],"author":[{"embeddable":true,"href":"https:\/\/www.graphotisco.com\/index.php\/wp-json\/wp\/v2\/users\/1"}],"replies":[{"embeddable":true,"href":"https:\/\/www.graphotisco.com\/index.php\/wp-json\/wp\/v2\/comments?post=1606"}],"version-history":[{"count":30,"href":"https:\/\/www.graphotisco.com\/index.php\/wp-json\/wp\/v2\/pages\/1606\/revisions"}],"predecessor-version":[{"id":1649,"href":"https:\/\/www.graphotisco.com\/index.php\/wp-json\/wp\/v2\/pages\/1606\/revisions\/1649"}],"wp:attachment":[{"href":"https:\/\/www.graphotisco.com\/index.php\/wp-json\/wp\/v2\/media?parent=1606"}],"curies":[{"name":"wp","href":"https:\/\/api.w.org\/{rel}","templated":true}]}}