{"id":1507,"date":"2025-06-03T16:34:30","date_gmt":"2025-06-03T14:34:30","guid":{"rendered":"https:\/\/www.graphotisco.com\/?page_id=1507"},"modified":"2025-06-03T17:57:44","modified_gmt":"2025-06-03T15:57:44","slug":"l-tech","status":"publish","type":"page","link":"https:\/\/www.graphotisco.com\/index.php\/l-tech\/","title":{"rendered":"L-Tech"},"content":{"rendered":"\t\t<div data-elementor-type=\"wp-page\" data-elementor-id=\"1507\" class=\"elementor elementor-1507\" data-elementor-post-type=\"page\">\n\t\t\t\t<div class=\"elementor-element elementor-element-22a2e96 e-flex e-con-boxed e-con e-parent\" data-id=\"22a2e96\" data-element_type=\"container\" data-e-type=\"container\">\n\t\t\t\t\t<div class=\"e-con-inner\">\n\t\t<div class=\"elementor-element elementor-element-c09df16 e-con-full e-flex e-con e-child\" data-id=\"c09df16\" data-element_type=\"container\" data-e-type=\"container\">\n\t\t\t\t<div class=\"elementor-element elementor-element-3297044 elementor-widget elementor-widget-image\" data-id=\"3297044\" data-element_type=\"widget\" data-e-type=\"widget\" data-widget_type=\"image.default\">\n\t\t\t\t<div class=\"elementor-widget-container\">\n\t\t\t\t\t\t\t\t\t\t\t\t\t\t\t<img fetchpriority=\"high\" decoding=\"async\" width=\"800\" height=\"566\" src=\"https:\/\/www.graphotisco.com\/wp-content\/uploads\/2025\/06\/Design-sans-titre-24-1024x724.jpg\" class=\"attachment-large size-large wp-image-1467\" alt=\"\" srcset=\"https:\/\/www.graphotisco.com\/wp-content\/uploads\/2025\/06\/Design-sans-titre-24-1024x724.jpg 1024w, https:\/\/www.graphotisco.com\/wp-content\/uploads\/2025\/06\/Design-sans-titre-24-300x212.jpg 300w, https:\/\/www.graphotisco.com\/wp-content\/uploads\/2025\/06\/Design-sans-titre-24-768x543.jpg 768w, https:\/\/www.graphotisco.com\/wp-content\/uploads\/2025\/06\/Design-sans-titre-24-1536x1086.jpg 1536w, https:\/\/www.graphotisco.com\/wp-content\/uploads\/2025\/06\/Design-sans-titre-24.jpg 2000w\" sizes=\"(max-width: 800px) 100vw, 800px\" \/>\t\t\t\t\t\t\t\t\t\t\t\t\t\t\t<\/div>\n\t\t\t\t<\/div>\n\t\t\t\t<div class=\"elementor-element elementor-element-104969d elementor-widget elementor-widget-gallery\" data-id=\"104969d\" data-element_type=\"widget\" data-e-type=\"widget\" data-settings=\"{&quot;gallery_layout&quot;:&quot;justified&quot;,&quot;ideal_row_height&quot;:{&quot;unit&quot;:&quot;px&quot;,&quot;size&quot;:373,&quot;sizes&quot;:[]},&quot;ideal_row_height_tablet&quot;:{&quot;unit&quot;:&quot;px&quot;,&quot;size&quot;:150,&quot;sizes&quot;:[]},&quot;ideal_row_height_mobile&quot;:{&quot;unit&quot;:&quot;px&quot;,&quot;size&quot;:150,&quot;sizes&quot;:[]},&quot;gap&quot;:{&quot;unit&quot;:&quot;px&quot;,&quot;size&quot;:10,&quot;sizes&quot;:[]},&quot;gap_tablet&quot;:{&quot;unit&quot;:&quot;px&quot;,&quot;size&quot;:10,&quot;sizes&quot;:[]},&quot;gap_mobile&quot;:{&quot;unit&quot;:&quot;px&quot;,&quot;size&quot;:10,&quot;sizes&quot;:[]},&quot;overlay_background&quot;:&quot;yes&quot;,&quot;content_hover_animation&quot;:&quot;fade-in&quot;}\" data-widget_type=\"gallery.default\">\n\t\t\t\t<div class=\"elementor-widget-container\">\n\t\t\t\t\t\t\t<div class=\"elementor-gallery__container\">\n\t\t\t\t\t\t\t<div class=\"e-gallery-item elementor-gallery-item elementor-animated-content\">\n\t\t\t\t\t<div class=\"e-gallery-image elementor-gallery-item__image\" data-thumbnail=\"https:\/\/www.graphotisco.com\/wp-content\/uploads\/2025\/06\/Design-sans-titre-35-724x1024.jpg\" data-width=\"724\" data-height=\"1024\" aria-label=\"\" role=\"img\" ><\/div>\n\t\t\t\t\t\t\t\t\t\t\t<div class=\"elementor-gallery-item__overlay\"><\/div>\n\t\t\t\t\t\t\t\t\t\t\t\t\t\t<\/div>\n\t\t\t\t\t\t\t<div class=\"e-gallery-item elementor-gallery-item elementor-animated-content\">\n\t\t\t\t\t<div class=\"e-gallery-image elementor-gallery-item__image\" data-thumbnail=\"https:\/\/www.graphotisco.com\/wp-content\/uploads\/2025\/06\/Design-sans-titre-25-1024x724.jpg\" data-width=\"800\" data-height=\"566\" aria-label=\"\" role=\"img\" ><\/div>\n\t\t\t\t\t\t\t\t\t\t\t<div class=\"elementor-gallery-item__overlay\"><\/div>\n\t\t\t\t\t\t\t\t\t\t\t\t\t\t<\/div>\n\t\t\t\t\t<\/div>\n\t\t\t\t\t<\/div>\n\t\t\t\t<\/div>\n\t\t\t\t<\/div>\n\t\t<div class=\"elementor-element elementor-element-a63b9e8 e-con-full e-flex e-con e-child\" data-id=\"a63b9e8\" data-element_type=\"container\" data-e-type=\"container\">\n\t\t\t\t<div class=\"elementor-element elementor-element-6f031d3 elementor-widget elementor-widget-heading\" data-id=\"6f031d3\" data-element_type=\"widget\" data-e-type=\"widget\" data-widget_type=\"heading.default\">\n\t\t\t\t<div class=\"elementor-widget-container\">\n\t\t\t\t\t<h2 class=\"elementor-heading-title elementor-size-default\">L-Tech Solution<\/h2>\t\t\t\t<\/div>\n\t\t\t\t<\/div>\n\t\t\t\t<div class=\"elementor-element elementor-element-b8080d1 elementor-widget elementor-widget-text-editor\" data-id=\"b8080d1\" data-element_type=\"widget\" data-e-type=\"widget\" data-widget_type=\"text-editor.default\">\n\t\t\t\t<div class=\"elementor-widget-container\">\n\t\t\t\t\t\t\t\t\t<p><strong data-start=\"194\" data-end=\"220\">Refonte du logo L-Tech<\/strong><\/p><p>J\u2019ai modernis\u00e9 le logo de L-tech en conservant ses couleurs embl\u00e9matiques, pour garder son identit\u00e9 forte tout en apportant un souffle de fra\u00eecheur et de modernit\u00e9.<\/p><p>Pour compl\u00e9ter la refonte, j\u2019ai cr\u00e9\u00e9 des cartes de visite qui reprennent les codes graphiques du logo, assurant une communication fluide et impactante.<\/p>\t\t\t\t\t\t\t\t<\/div>\n\t\t\t\t<\/div>\n\t\t\t\t<div class=\"elementor-element elementor-element-afc5b47 content-align-cta-default elementor-widget elementor-widget-eael-cta-box\" data-id=\"afc5b47\" data-element_type=\"widget\" data-e-type=\"widget\" data-widget_type=\"eael-cta-box.default\">\n\t\t\t\t<div class=\"elementor-widget-container\">\n\t\t\t\t\t\t\t<div class=\"eael-call-to-action cta-basic bg-lite cta-preset-1\">\n        <h2 class=\"title eael-cta-heading\">Faisons \u00e9voluer votre image, sans trahir votre essence.<\/h2><p>Parfois, un petit vent de modernit\u00e9 suffit \u00e0 tout changer. Et si c\u2019\u00e9tait le moment de r\u00e9inventer votre logo sans perdre votre essence ?<\/p><a href=\"https:\/\/www.graphotisco.com\/index.php\/contact\/\" class=\"cta-button cta-preset-1  \">Contacte-moi<\/a>\t<\/div>\n\t\t\t\t\t\t\t\t<\/div>\n\t\t\t\t<\/div>\n\t\t\t\t<\/div>\n\t\t\t\t\t<\/div>\n\t\t\t\t<\/div>\n\t\t\t\t<\/div>\n\t\t","protected":false},"excerpt":{"rendered":"<p>L-Tech Solution Refonte du logo L-Tech J\u2019ai modernis\u00e9 le logo de L-tech en conservant ses couleurs embl\u00e9matiques, pour garder son identit\u00e9 forte tout en apportant un souffle de fra\u00eecheur et de modernit\u00e9. Pour compl\u00e9ter la refonte, j\u2019ai cr\u00e9\u00e9 des cartes de visite qui reprennent les codes graphiques du logo, assurant une communication fluide et impactante. [&hellip;]<\/p>\n","protected":false},"author":1,"featured_media":0,"parent":0,"menu_order":0,"comment_status":"closed","ping_status":"closed","template":"","meta":{"footnotes":""},"class_list":["post-1507","page","type-page","status-publish","hentry"],"_links":{"self":[{"href":"https:\/\/www.graphotisco.com\/index.php\/wp-json\/wp\/v2\/pages\/1507","targetHints":{"allow":["GET"]}}],"collection":[{"href":"https:\/\/www.graphotisco.com\/index.php\/wp-json\/wp\/v2\/pages"}],"about":[{"href":"https:\/\/www.graphotisco.com\/index.php\/wp-json\/wp\/v2\/types\/page"}],"author":[{"embeddable":true,"href":"https:\/\/www.graphotisco.com\/index.php\/wp-json\/wp\/v2\/users\/1"}],"replies":[{"embeddable":true,"href":"https:\/\/www.graphotisco.com\/index.php\/wp-json\/wp\/v2\/comments?post=1507"}],"version-history":[{"count":40,"href":"https:\/\/www.graphotisco.com\/index.php\/wp-json\/wp\/v2\/pages\/1507\/revisions"}],"predecessor-version":[{"id":1593,"href":"https:\/\/www.graphotisco.com\/index.php\/wp-json\/wp\/v2\/pages\/1507\/revisions\/1593"}],"wp:attachment":[{"href":"https:\/\/www.graphotisco.com\/index.php\/wp-json\/wp\/v2\/media?parent=1507"}],"curies":[{"name":"wp","href":"https:\/\/api.w.org\/{rel}","templated":true}]}}